{"id":4,"date":"2014-06-30T17:43:31","date_gmt":"2014-06-30T15:43:31","guid":{"rendered":"http:\/\/fezi-ufg.de\/mja\/?page_id=4"},"modified":"2022-02-25T14:44:43","modified_gmt":"2022-02-25T12:44:43","slug":"home","status":"publish","type":"page","link":"https:\/\/fezi-ufg.de\/mja\/","title":{"rendered":"Mobile Jugendarbeit in Unterf\u00f6hring"},"content":{"rendered":"<p>Das Mobil Team ist drau\u00dfen unterwegs und besucht Dich und Deine Freunde auch an \u00f6ffentlichen Pl\u00e4tzen. Wir sind gespannt Deine Interessen und Ideen zu erfahren und k\u00f6nnen Dich gerne bei dem ein oder anderen &#8222;Projekt&#8220; unterst\u00fctzen. Wir organisieren mit Dir und deinen Freunden Freizeitaktivit\u00e4ten, unterst\u00fctzen Dich gerne bei Jobsuche und Bewerbung und sind f\u00fcr Dich da bei Problemen und Fragen aller Art mit wem und was auch immer&#8230;<\/p>\n","protected":false},"excerpt":{"rendered":"<p>Das Mobil Team ist drau\u00dfen unterwegs und besucht Dich und Deine Freunde auch an \u00f6ffentlichen Pl\u00e4tzen. Wir sind gespannt Deine Interessen und Ideen zu erfahren und k\u00f6nnen Dich gerne bei dem ein oder anderen &#8222;Projekt&#8220; unterst\u00fctzen. Wir organisieren mit Dir und deinen Freunden Freizeitaktivit\u00e4ten, unterst\u00fctzen Dich gerne bei Jobsuche und Bewerbung und sind f\u00fcr Dich [&hellip;]<\/p>\n","protected":false},"author":1,"featured_media":26,"parent":0,"menu_order":0,"comment_status":"closed","ping_status":"closed","template":"","meta":{"footnotes":""},"class_list":["post-4","page","type-page","status-publish","has-post-thumbnail","hentry"],"_links":{"self":[{"href":"https:\/\/fezi-ufg.de\/mja\/wp-json\/wp\/v2\/pages\/4","targetHints":{"allow":["GET"]}}],"collection":[{"href":"https:\/\/fezi-ufg.de\/mja\/wp-json\/wp\/v2\/pages"}],"about":[{"href":"https:\/\/fezi-ufg.de\/mja\/wp-json\/wp\/v2\/types\/page"}],"author":[{"embeddable":true,"href":"https:\/\/fezi-ufg.de\/mja\/wp-json\/wp\/v2\/users\/1"}],"replies":[{"embeddable":true,"href":"https:\/\/fezi-ufg.de\/mja\/wp-json\/wp\/v2\/comments?post=4"}],"version-history":[{"count":6,"href":"https:\/\/fezi-ufg.de\/mja\/wp-json\/wp\/v2\/pages\/4\/revisions"}],"predecessor-version":[{"id":48,"href":"https:\/\/fezi-ufg.de\/mja\/wp-json\/wp\/v2\/pages\/4\/revisions\/48"}],"wp:featuredmedia":[{"embeddable":true,"href":"https:\/\/fezi-ufg.de\/mja\/wp-json\/wp\/v2\/media\/26"}],"wp:attachment":[{"href":"https:\/\/fezi-ufg.de\/mja\/wp-json\/wp\/v2\/media?parent=4"}],"curies":[{"name":"wp","href":"https:\/\/api.w.org\/{rel}","templated":true}]}}