{"id":5,"date":"2014-07-07T17:43:27","date_gmt":"2014-07-07T15:43:27","guid":{"rendered":"http:\/\/fezi-ufg.de\/impressum\/?page_id=5"},"modified":"2024-08-17T18:15:02","modified_gmt":"2024-08-17T16:15:02","slug":"impressum","status":"publish","type":"page","link":"https:\/\/fezi-ufg.de\/impressum\/","title":{"rendered":"Impressum"},"content":{"rendered":"<p><strong>Kreisjungendring M\u00fcnchen-Land in der Gemeinde Unterf\u00f6hring<br \/>\n<\/strong>Jugendfreizeitst\u00e4tte FEZI<br \/>\nKinder- und Jugendfarm Unterf\u00f6hring<strong><br \/>\n<\/strong>Jahnstr. 1 u. 3<br \/>\n85774 Unterf\u00f6hring<\/p>\n<p>Tel.:\u00a0\u00a0\u00a0 089\/950 54 86<br \/>\nFax:\u00a0\u00a0\u00a0 089\/95 82 24 65<\/p>\n<p>Kreisjugendring M\u00fcnchen-Land<br \/>\nBurgweg 10<br \/>\n82049 Pullach<\/p>\n<p><a href=\"https:\/\/kjr-ml.de\/\">https:\/\/kjr-ml.de\/<\/a><\/p>\n<p>Steuer-Nr. 853\/14004<\/p>\n<p>Bankverbindung:<br \/>\nKontoinhaber\u00a0\u00a0\u00a0 Kreisjugendring M\u00fcnchen-Land<br \/>\nKreissparkasse M\u00fcnchen Starnberg<br \/>\nIBAN\u00a0\u00a0\u00a0\u00a0\u00a0\u00a0\u00a0\u00a0\u00a0\u00a0\u00a0\u00a0\u00a0\u00a0\u00a0\u00a0\u00a0\u00a0\u00a0\u00a0 DE70 7025 0150 0009 4019 69<br \/>\nBIC\u00a0\u00a0\u00a0\u00a0\u00a0\u00a0\u00a0\u00a0\u00a0\u00a0\u00a0\u00a0\u00a0\u00a0\u00a0\u00a0\u00a0\u00a0\u00a0\u00a0\u00a0\u00a0\u00a0 BYLADEM1KMS<\/p>\n<div class=\"content_wrap\">\n<div id=\"c5922\" class=\"csc-default\">\n<p class=\"bodytext\">Der Kreisjugendring M\u00fcnchen-Land ist eine Gliederung des Bayerischen Jugendrings, K\u00f6rperschaft des \u00f6ffentlichen Rechts, gem\u00e4\u00df der Satzung des Bayerischen Jugendrings. Der Kreisjugendring M\u00fcnchen-Land wird vertreten durch den Vorsitzenden Daniel G\u00f6gelein. Der Bayerische Jugendring wird vertreten durch den Ersten Pr\u00e4sidenten Philipp Seitz. Der gemeinn\u00fctzige Bayerische Jugendring untersteht als K\u00f6rperschaft des \u00f6ffentlichen Rechts der Rechtsaufsicht des Bayerischen Staatsministeriums f\u00fcr Unterricht und Kultus.<\/p>\n<\/div>\n<\/div>\n<div class=\"content_wrap\">\n<div id=\"c604\" class=\"csc-default\">\n<div class=\"csc-header csc-header-n3\">\n<h4>Inhalt des Onlineangebotes<\/h4>\n<\/div>\n<p class=\"bodytext\">Der Autor \u00fcbernimmt keinerlei Gew\u00e4hr f\u00fcr die Aktualit\u00e4t, Korrektheit, Vollst\u00e4ndigkeit oder Qualit\u00e4t der bereitgestellten Informationen. Haftungsanspr\u00fcche gegen den Autor, welche sich auf Sch\u00e4den materieller oder ideeller Art beziehen, die durch die Nutzung oder Nichtnutzung der dargebotenen Informationen bzw. durch die Nutzung fehlerhafter und unvollst\u00e4ndiger Informationen verursacht wurden sind grunds\u00e4tzlich ausgeschlossen, sofern seitens des Autors kein nachweislich vors\u00e4tzliches oder grob fahrl\u00e4ssiges Verschulden vorliegt. Alle Angebote sind freibleibend und unverbindlich. Der Autor beh\u00e4lt es sich ausdr\u00fccklich vor, Teile der Seiten oder das gesamte Angebot ohne gesonderte Ank\u00fcndigung zu ver\u00e4ndern, zu erg\u00e4nzen, zu l\u00f6schen oder die Ver\u00f6ffentlichung zeitweise oder endg\u00fcltig einzustellen.<\/p>\n<\/div>\n<\/div>\n<div class=\"content_wrap\">\n<div id=\"c605\" class=\"csc-default\">\n<div class=\"csc-header csc-header-n4\">\n<h4>Verweise und Links<\/h4>\n<\/div>\n<p class=\"bodytext\">Bei direkten oder indirekten Verweisen auf fremde Internetseiten (&#8222;Links&#8220;), die au\u00dferhalb des Verantwortungsbereiches des Autors liegen, w\u00fcrde eine Haftungsverpflichtung ausschlie\u00dflich in dem Fall in Kraft treten, in dem der Autor von den Inhalten Kenntnis hat und es ihm technisch m\u00f6glich und zumutbar w\u00e4re, die Nutzung im Falle rechtswidriger Inhalte zu verhindern. Der Autor erkl\u00e4rt daher ausdr\u00fccklich, dass zum Zeitpunkt der Linksetzung die entsprechenden verlinkten Seiten frei von illegalen Inhalten waren. Der Autor hat keinerlei Einfluss auf die aktuelle und zuk\u00fcnftige Gestaltung und auf die Inhalte der gelinkten\/verkn\u00fcpften Seiten. Deshalb distanziert er sich hiermit ausdr\u00fccklich von allen Inhalten aller gelinkten \/verkn\u00fcpften Seiten, die nach der Linksetzung ver\u00e4ndert wurden. Diese Feststellung gilt f\u00fcr alle innerhalb des eigenen Internetangebotes gesetzten Links und Verweise sowie f\u00fcr Fremdeintr\u00e4ge in vom Autor eingerichteten G\u00e4steb\u00fcchern, Diskussionsforen und Mailinglisten. F\u00fcr illegale, fehlerhafte oder unvollst\u00e4ndige Inhalte und insbesondere f\u00fcr Sch\u00e4den, die aus der Nutzung oder Nichtnutzung solcherart dargebotener Informationen entstehen, haftet allein der Anbieter der Seite, auf welche verwiesen wurde, nicht derjenige, der \u00fcber Links auf die jeweilige Ver\u00f6ffentlichung lediglich verweist.<\/p>\n<\/div>\n<\/div>\n<div class=\"content_wrap\">\n<div id=\"c606\" class=\"csc-default\">\n<div class=\"csc-header csc-header-n5\">\n<h4>Urheber- und Kennzeichenrecht<\/h4>\n<\/div>\n<p class=\"bodytext\">Der Autor ist bestrebt, in allen Publikationen die Urheberrechte der verwendeten Grafiken, Tondokumente, Videosequenzen und Texte zu beachten, von ihm selbst erstellte Grafiken, Tondokumente, Videosequenzen und Texte zu nutzen oder auf lizenzfreie Grafiken, Tondokumente, Videosequenzen und Texte zur\u00fcckzugreifen. Alle innerhalb des Internetangebotes genannten und ggf. durch Dritte gesch\u00fctzten Marken- und Warenzeichen unterliegen uneingeschr\u00e4nkt den Bestimmungen des jeweils g\u00fcltigen Kennzeichenrechts und den Besitzrechten der jeweiligen eingetragenen Eigent\u00fcmer. Allein aufgrund der blo\u00dfen Nennung ist nicht der Schluss zu ziehen, dass Markenzeichen nicht durch Rechte Dritter gesch\u00fctzt sind! Das Copyright f\u00fcr ver\u00f6ffentlichte, vom Autor selbst erstellte Objekte bleibt allein beim Autor der Seiten. Eine Vervielf\u00e4ltigung oder Verwendung solcher Grafiken, Tondokumente, Videosequenzen und Texte in anderen elektronischen oder gedruckten Publikationen ist ohne ausdr\u00fcckliche Zustimmung des Autors nicht gestattet.<\/p>\n<\/div>\n<\/div>\n<div class=\"content_wrap\">\n<div id=\"c607\" class=\"csc-default\">\n<div class=\"csc-header csc-header-n6\">\n<h4>Rechtswirksamkeit dieses Haftungsausschlusses<\/h4>\n<\/div>\n<p class=\"bodytext\">Dieser Haftungsausschluss ist als Teil des Internetangebotes zu betrachten, von dem aus auf diese Seite verwiesen wurde. Sofern Teile oder einzelne Formulierungen dieses Textes der geltenden Rechtslage nicht, nicht mehr oder nicht vollst\u00e4ndig entsprechen sollten, bleiben die \u00fcbrigen Teile des Dokumentes in ihrem Inhalt und ihrer G\u00fcltigkeit davon unber\u00fchrt.<\/p>\n<\/div>\n<\/div>\n","protected":false},"excerpt":{"rendered":"<p>Kreisjungendring M\u00fcnchen-Land in der Gemeinde Unterf\u00f6hring Jugendfreizeitst\u00e4tte FEZI Kinder- und Jugendfarm Unterf\u00f6hring Jahnstr. 1 u. 3 85774 Unterf\u00f6hring Tel.:\u00a0\u00a0\u00a0 089\/950 54 86 Fax:\u00a0\u00a0\u00a0 089\/95 82 24 65 Kreisjugendring M\u00fcnchen-Land Burgweg 10 82049 Pullach https:\/\/kjr-ml.de\/ Steuer-Nr. 853\/14004 Bankverbindung: Kontoinhaber\u00a0\u00a0\u00a0 Kreisjugendring M\u00fcnchen-Land Kreissparkasse M\u00fcnchen Starnberg IBAN\u00a0\u00a0\u00a0\u00a0\u00a0\u00a0\u00a0\u00a0\u00a0\u00a0\u00a0\u00a0\u00a0\u00a0\u00a0\u00a0\u00a0\u00a0\u00a0\u00a0 DE70 7025 0150 0009 4019 69 BIC\u00a0\u00a0\u00a0\u00a0\u00a0\u00a0\u00a0\u00a0\u00a0\u00a0\u00a0\u00a0\u00a0\u00a0\u00a0\u00a0\u00a0\u00a0\u00a0\u00a0\u00a0\u00a0\u00a0 BYLADEM1KMS Der Kreisjugendring M\u00fcnchen-Land [&hellip;]<\/p>\n","protected":false},"author":2,"featured_media":0,"parent":0,"menu_order":0,"comment_status":"closed","ping_status":"closed","template":"","meta":{"footnotes":""},"class_list":["post-5","page","type-page","status-publish","hentry"],"_links":{"self":[{"href":"https:\/\/fezi-ufg.de\/impressum\/wp-json\/wp\/v2\/pages\/5","targetHints":{"allow":["GET"]}}],"collection":[{"href":"https:\/\/fezi-ufg.de\/impressum\/wp-json\/wp\/v2\/pages"}],"about":[{"href":"https:\/\/fezi-ufg.de\/impressum\/wp-json\/wp\/v2\/types\/page"}],"author":[{"embeddable":true,"href":"https:\/\/fezi-ufg.de\/impressum\/wp-json\/wp\/v2\/users\/2"}],"replies":[{"embeddable":true,"href":"https:\/\/fezi-ufg.de\/impressum\/wp-json\/wp\/v2\/comments?post=5"}],"version-history":[{"count":8,"href":"https:\/\/fezi-ufg.de\/impressum\/wp-json\/wp\/v2\/pages\/5\/revisions"}],"predecessor-version":[{"id":50,"href":"https:\/\/fezi-ufg.de\/impressum\/wp-json\/wp\/v2\/pages\/5\/revisions\/50"}],"wp:attachment":[{"href":"https:\/\/fezi-ufg.de\/impressum\/wp-json\/wp\/v2\/media?parent=5"}],"curies":[{"name":"wp","href":"https:\/\/api.w.org\/{rel}","templated":true}]}}